{"id":1097,"date":"2017-05-15T12:37:11","date_gmt":"2017-05-15T12:37:11","guid":{"rendered":"https:\/\/marcdetroy.be\/fr\/home\/"},"modified":"2023-08-02T14:55:48","modified_gmt":"2023-08-02T14:55:48","slug":"accueil","status":"publish","type":"page","link":"https:\/\/marcdetroy.be\/fr\/","title":{"rendered":"Accueil"},"content":{"rendered":"<p>La p\u00e9pini\u00e8re Marc De Troy poss\u00e8de une surface de production de 3.5&nbsp;hectares de culture en conteneur et de 16 hectares en pleine terre. Nous sommes sp\u00e9cialistes dans la production d&#8217;arbustes et d&#8217;arbres ornementaux, de conif\u00e8res et d&#8217;arbres fruitiers de haute qualit\u00e9.<\/p>\n<p>Nous offrons \u00e0 nos clients un vaste assortiment de plantes attrayantes de haute qualit\u00e9. Disponibles en plusieurs dimensions de pot et tailles, ces plantes se distinguent par rapport \u00e0 la production en vrac. Pour les centres de jardinage, nous pouvons livrer en conteneurs mixtes, afin qu&#8217;ils puissent acheter un large assortiment de plantes uniformes en quantit\u00e9s relativement petites par esp\u00e8ce.<\/p>\n","protected":false},"excerpt":{"rendered":"<p>La p\u00e9pini\u00e8re Marc De Troy poss\u00e8de une surface de production de 3.5&nbsp;hectares de culture en conteneur et de 16 hectares en pleine terre. Nous sommes sp\u00e9cialistes dans la production d&#8217;arbustes et d&#8217;arbres ornementaux, de conif\u00e8res et d&#8217;arbres fruitiers de haute qualit\u00e9. Nous offrons \u00e0 nos clients un vaste assortiment de plantes attrayantes de haute qualit\u00e9. Disponibles en plusieurs dimensions de [&hellip;]<\/p>\n","protected":false},"author":1,"featured_media":0,"parent":0,"menu_order":0,"comment_status":"closed","ping_status":"closed","template":"page-home.php","meta":{"_acf_changed":false,"footnotes":""},"class_list":["post-1097","page","type-page","status-publish","hentry"],"acf":[],"yoast_head":"<!-- This site is optimized with the Yoast SEO plugin v27.5 - https:\/\/yoast.com\/product\/yoast-seo-wordpress\/ -->\n<title>Accueil - Marc De Troy<\/title>\n<meta name=\"robots\" content=\"index, follow, max-snippet:-1, max-image-preview:large, max-video-preview:-1\" \/>\n<link rel=\"canonical\" href=\"https:\/\/marcdetroy.be\/fr\/\" \/>\n<meta property=\"og:locale\" content=\"fr_FR\" \/>\n<meta property=\"og:type\" content=\"article\" \/>\n<meta property=\"og:title\" content=\"Accueil - Marc De Troy\" \/>\n<meta property=\"og:description\" content=\"La p\u00e9pini\u00e8re Marc De Troy poss\u00e8de une surface de production de 3.5&nbsp;hectares de culture en conteneur et de 16 hectares en pleine terre. Nous sommes sp\u00e9cialistes dans la production d&#8217;arbustes et d&#8217;arbres ornementaux, de conif\u00e8res et d&#8217;arbres fruitiers de haute qualit\u00e9. Nous offrons \u00e0 nos clients un vaste assortiment de plantes attrayantes de haute qualit\u00e9. Disponibles en plusieurs dimensions de [&hellip;]\" \/>\n<meta property=\"og:url\" content=\"https:\/\/marcdetroy.be\/fr\/\" \/>\n<meta property=\"og:site_name\" content=\"Marc De Troy\" \/>\n<meta property=\"article:modified_time\" content=\"2023-08-02T14:55:48+00:00\" \/>\n<meta name=\"twitter:card\" content=\"summary_large_image\" \/>\n<meta name=\"twitter:label1\" content=\"Est. reading time\" \/>\n\t<meta name=\"twitter:data1\" content=\"1 minute\" \/>\n<script type=\"application\/ld+json\" class=\"yoast-schema-graph\">{\"@context\":\"https:\\\/\\\/schema.org\",\"@graph\":[{\"@type\":\"WebPage\",\"@id\":\"https:\\\/\\\/marcdetroy.be\\\/fr\\\/\",\"url\":\"https:\\\/\\\/marcdetroy.be\\\/fr\\\/\",\"name\":\"Accueil - Marc De Troy\",\"isPartOf\":{\"@id\":\"https:\\\/\\\/marcdetroy.be\\\/#website\"},\"datePublished\":\"2017-05-15T12:37:11+00:00\",\"dateModified\":\"2023-08-02T14:55:48+00:00\",\"breadcrumb\":{\"@id\":\"https:\\\/\\\/marcdetroy.be\\\/fr\\\/#breadcrumb\"},\"inLanguage\":\"fr-FR\",\"potentialAction\":[{\"@type\":\"ReadAction\",\"target\":[\"https:\\\/\\\/marcdetroy.be\\\/fr\\\/\"]}]},{\"@type\":\"BreadcrumbList\",\"@id\":\"https:\\\/\\\/marcdetroy.be\\\/fr\\\/#breadcrumb\",\"itemListElement\":[{\"@type\":\"ListItem\",\"position\":1,\"name\":\"Home\",\"item\":\"https:\\\/\\\/marcdetroy.be\\\/fr\\\/\"},{\"@type\":\"ListItem\",\"position\":2,\"name\":\"Accueil\"}]},{\"@type\":\"WebSite\",\"@id\":\"https:\\\/\\\/marcdetroy.be\\\/#website\",\"url\":\"https:\\\/\\\/marcdetroy.be\\\/\",\"name\":\"Marc De Troy\",\"description\":\"\",\"potentialAction\":[{\"@type\":\"SearchAction\",\"target\":{\"@type\":\"EntryPoint\",\"urlTemplate\":\"https:\\\/\\\/marcdetroy.be\\\/?s={search_term_string}\"},\"query-input\":{\"@type\":\"PropertyValueSpecification\",\"valueRequired\":true,\"valueName\":\"search_term_string\"}}],\"inLanguage\":\"fr-FR\"}]}<\/script>\n<!-- \/ Yoast SEO plugin. -->","yoast_head_json":{"title":"Accueil - Marc De Troy","robots":{"index":"index","follow":"follow","max-snippet":"max-snippet:-1","max-image-preview":"max-image-preview:large","max-video-preview":"max-video-preview:-1"},"canonical":"https:\/\/marcdetroy.be\/fr\/","og_locale":"fr_FR","og_type":"article","og_title":"Accueil - Marc De Troy","og_description":"La p\u00e9pini\u00e8re Marc De Troy poss\u00e8de une surface de production de 3.5&nbsp;hectares de culture en conteneur et de 16 hectares en pleine terre. Nous sommes sp\u00e9cialistes dans la production d&#8217;arbustes et d&#8217;arbres ornementaux, de conif\u00e8res et d&#8217;arbres fruitiers de haute qualit\u00e9. Nous offrons \u00e0 nos clients un vaste assortiment de plantes attrayantes de haute qualit\u00e9. Disponibles en plusieurs dimensions de [&hellip;]","og_url":"https:\/\/marcdetroy.be\/fr\/","og_site_name":"Marc De Troy","article_modified_time":"2023-08-02T14:55:48+00:00","twitter_card":"summary_large_image","twitter_misc":{"Est. reading time":"1 minute"},"schema":{"@context":"https:\/\/schema.org","@graph":[{"@type":"WebPage","@id":"https:\/\/marcdetroy.be\/fr\/","url":"https:\/\/marcdetroy.be\/fr\/","name":"Accueil - Marc De Troy","isPartOf":{"@id":"https:\/\/marcdetroy.be\/#website"},"datePublished":"2017-05-15T12:37:11+00:00","dateModified":"2023-08-02T14:55:48+00:00","breadcrumb":{"@id":"https:\/\/marcdetroy.be\/fr\/#breadcrumb"},"inLanguage":"fr-FR","potentialAction":[{"@type":"ReadAction","target":["https:\/\/marcdetroy.be\/fr\/"]}]},{"@type":"BreadcrumbList","@id":"https:\/\/marcdetroy.be\/fr\/#breadcrumb","itemListElement":[{"@type":"ListItem","position":1,"name":"Home","item":"https:\/\/marcdetroy.be\/fr\/"},{"@type":"ListItem","position":2,"name":"Accueil"}]},{"@type":"WebSite","@id":"https:\/\/marcdetroy.be\/#website","url":"https:\/\/marcdetroy.be\/","name":"Marc De Troy","description":"","potentialAction":[{"@type":"SearchAction","target":{"@type":"EntryPoint","urlTemplate":"https:\/\/marcdetroy.be\/?s={search_term_string}"},"query-input":{"@type":"PropertyValueSpecification","valueRequired":true,"valueName":"search_term_string"}}],"inLanguage":"fr-FR"}]}},"_links":{"self":[{"href":"https:\/\/marcdetroy.be\/fr\/wp-json\/wp\/v2\/pages\/1097","targetHints":{"allow":["GET"]}}],"collection":[{"href":"https:\/\/marcdetroy.be\/fr\/wp-json\/wp\/v2\/pages"}],"about":[{"href":"https:\/\/marcdetroy.be\/fr\/wp-json\/wp\/v2\/types\/page"}],"author":[{"embeddable":true,"href":"https:\/\/marcdetroy.be\/fr\/wp-json\/wp\/v2\/users\/1"}],"replies":[{"embeddable":true,"href":"https:\/\/marcdetroy.be\/fr\/wp-json\/wp\/v2\/comments?post=1097"}],"version-history":[{"count":6,"href":"https:\/\/marcdetroy.be\/fr\/wp-json\/wp\/v2\/pages\/1097\/revisions"}],"predecessor-version":[{"id":6911,"href":"https:\/\/marcdetroy.be\/fr\/wp-json\/wp\/v2\/pages\/1097\/revisions\/6911"}],"wp:attachment":[{"href":"https:\/\/marcdetroy.be\/fr\/wp-json\/wp\/v2\/media?parent=1097"}],"curies":[{"name":"wp","href":"https:\/\/api.w.org\/{rel}","templated":true}]}}