{"id":1115,"date":"2017-05-16T09:11:55","date_gmt":"2017-05-16T09:11:55","guid":{"rendered":"https:\/\/marcdetroy.be\/fr\/aanbod\/potgekweekt\/"},"modified":"2017-06-21T06:32:34","modified_gmt":"2017-06-21T06:32:34","slug":"cultive-en-pot","status":"publish","type":"page","link":"https:\/\/marcdetroy.be\/fr\/assortiment\/cultive-en-pot\/","title":{"rendered":"Cultiv\u00e9 en pot"},"content":{"rendered":"<p>Notre p\u00e9pini\u00e8re dispose d\u2019un vaste assortiment de plantes en pot. Gr\u00e2ce \u00e0 une offre constante et uniforme, nous pouvons vous approvisionner tout au long de l\u2019ann\u00e9e ou presque. Ne manquez pas de consulter notre assortiment d\u2019arbustes ornementaux \u00e0 feuilles persistantes.<\/p>\n","protected":false},"excerpt":{"rendered":"<p>Notre p\u00e9pini\u00e8re dispose d\u2019un vaste assortiment de plantes en pot. Gr\u00e2ce \u00e0 une offre constante et uniforme, nous pouvons vous approvisionner tout au long de l\u2019ann\u00e9e ou presque. Ne manquez pas de consulter notre assortiment d\u2019arbustes ornementaux \u00e0 feuilles persistantes.<\/p>\n","protected":false},"author":1,"featured_media":1257,"parent":1109,"menu_order":0,"comment_status":"closed","ping_status":"closed","template":"","meta":{"_acf_changed":false,"footnotes":""},"class_list":["post-1115","page","type-page","status-publish","has-post-thumbnail","hentry"],"acf":[],"yoast_head":"<!-- This site is optimized with the Yoast SEO plugin v27.5 - https:\/\/yoast.com\/product\/yoast-seo-wordpress\/ -->\n<title>Cultiv\u00e9 en pot - Marc De Troy<\/title>\n<meta name=\"robots\" content=\"index, follow, max-snippet:-1, max-image-preview:large, max-video-preview:-1\" \/>\n<link rel=\"canonical\" href=\"https:\/\/marcdetroy.be\/aanbod\/potgekweekt\/\" \/>\n<meta property=\"og:locale\" content=\"fr_FR\" \/>\n<meta property=\"og:type\" content=\"article\" \/>\n<meta property=\"og:title\" content=\"Cultiv\u00e9 en pot - Marc De Troy\" \/>\n<meta property=\"og:description\" content=\"Notre p\u00e9pini\u00e8re dispose d\u2019un vaste assortiment de plantes en pot. Gr\u00e2ce \u00e0 une offre constante et uniforme, nous pouvons vous approvisionner tout au long de l\u2019ann\u00e9e ou presque. Ne manquez pas de consulter notre assortiment d\u2019arbustes ornementaux \u00e0 feuilles persistantes.\" \/>\n<meta property=\"og:url\" content=\"https:\/\/marcdetroy.be\/aanbod\/potgekweekt\/\" \/>\n<meta property=\"og:site_name\" content=\"Marc De Troy\" \/>\n<meta property=\"article:modified_time\" content=\"2017-06-21T06:32:34+00:00\" \/>\n<meta property=\"og:image\" content=\"https:\/\/marcdetroy.be\/wp-content\/uploads\/2017\/05\/Foto-potgekweekt-Custom.jpg\" \/>\n\t<meta property=\"og:image:width\" content=\"1600\" \/>\n\t<meta property=\"og:image:height\" content=\"1200\" \/>\n\t<meta property=\"og:image:type\" content=\"image\/jpeg\" \/>\n<meta name=\"twitter:card\" content=\"summary_large_image\" \/>\n<script type=\"application\/ld+json\" class=\"yoast-schema-graph\">{\"@context\":\"https:\\\/\\\/schema.org\",\"@graph\":[{\"@type\":\"WebPage\",\"@id\":\"https:\\\/\\\/marcdetroy.be\\\/aanbod\\\/potgekweekt\\\/\",\"url\":\"https:\\\/\\\/marcdetroy.be\\\/aanbod\\\/potgekweekt\\\/\",\"name\":\"Cultiv\u00e9 en pot - Marc De Troy\",\"isPartOf\":{\"@id\":\"https:\\\/\\\/marcdetroy.be\\\/#website\"},\"primaryImageOfPage\":{\"@id\":\"https:\\\/\\\/marcdetroy.be\\\/aanbod\\\/potgekweekt\\\/#primaryimage\"},\"image\":{\"@id\":\"https:\\\/\\\/marcdetroy.be\\\/aanbod\\\/potgekweekt\\\/#primaryimage\"},\"thumbnailUrl\":\"https:\\\/\\\/marcdetroy.be\\\/wp-content\\\/uploads\\\/2017\\\/05\\\/Foto-potgekweekt-Custom.jpg\",\"datePublished\":\"2017-05-16T09:11:55+00:00\",\"dateModified\":\"2017-06-21T06:32:34+00:00\",\"breadcrumb\":{\"@id\":\"https:\\\/\\\/marcdetroy.be\\\/aanbod\\\/potgekweekt\\\/#breadcrumb\"},\"inLanguage\":\"fr-FR\",\"potentialAction\":[{\"@type\":\"ReadAction\",\"target\":[\"https:\\\/\\\/marcdetroy.be\\\/aanbod\\\/potgekweekt\\\/\"]}]},{\"@type\":\"ImageObject\",\"inLanguage\":\"fr-FR\",\"@id\":\"https:\\\/\\\/marcdetroy.be\\\/aanbod\\\/potgekweekt\\\/#primaryimage\",\"url\":\"https:\\\/\\\/marcdetroy.be\\\/wp-content\\\/uploads\\\/2017\\\/05\\\/Foto-potgekweekt-Custom.jpg\",\"contentUrl\":\"https:\\\/\\\/marcdetroy.be\\\/wp-content\\\/uploads\\\/2017\\\/05\\\/Foto-potgekweekt-Custom.jpg\",\"width\":1600,\"height\":1200},{\"@type\":\"BreadcrumbList\",\"@id\":\"https:\\\/\\\/marcdetroy.be\\\/aanbod\\\/potgekweekt\\\/#breadcrumb\",\"itemListElement\":[{\"@type\":\"ListItem\",\"position\":1,\"name\":\"Home\",\"item\":\"https:\\\/\\\/marcdetroy.be\\\/fr\\\/\"},{\"@type\":\"ListItem\",\"position\":2,\"name\":\"Assortiment\",\"item\":\"https:\\\/\\\/marcdetroy.be\\\/aanbod\\\/\"},{\"@type\":\"ListItem\",\"position\":3,\"name\":\"Cultiv\u00e9 en pot\"}]},{\"@type\":\"WebSite\",\"@id\":\"https:\\\/\\\/marcdetroy.be\\\/#website\",\"url\":\"https:\\\/\\\/marcdetroy.be\\\/\",\"name\":\"Marc De Troy\",\"description\":\"\",\"potentialAction\":[{\"@type\":\"SearchAction\",\"target\":{\"@type\":\"EntryPoint\",\"urlTemplate\":\"https:\\\/\\\/marcdetroy.be\\\/?s={search_term_string}\"},\"query-input\":{\"@type\":\"PropertyValueSpecification\",\"valueRequired\":true,\"valueName\":\"search_term_string\"}}],\"inLanguage\":\"fr-FR\"}]}<\/script>\n<!-- \/ Yoast SEO plugin. -->","yoast_head_json":{"title":"Cultiv\u00e9 en pot - Marc De Troy","robots":{"index":"index","follow":"follow","max-snippet":"max-snippet:-1","max-image-preview":"max-image-preview:large","max-video-preview":"max-video-preview:-1"},"canonical":"https:\/\/marcdetroy.be\/aanbod\/potgekweekt\/","og_locale":"fr_FR","og_type":"article","og_title":"Cultiv\u00e9 en pot - Marc De Troy","og_description":"Notre p\u00e9pini\u00e8re dispose d\u2019un vaste assortiment de plantes en pot. Gr\u00e2ce \u00e0 une offre constante et uniforme, nous pouvons vous approvisionner tout au long de l\u2019ann\u00e9e ou presque. Ne manquez pas de consulter notre assortiment d\u2019arbustes ornementaux \u00e0 feuilles persistantes.","og_url":"https:\/\/marcdetroy.be\/aanbod\/potgekweekt\/","og_site_name":"Marc De Troy","article_modified_time":"2017-06-21T06:32:34+00:00","og_image":[{"width":1600,"height":1200,"url":"https:\/\/marcdetroy.be\/wp-content\/uploads\/2017\/05\/Foto-potgekweekt-Custom.jpg","type":"image\/jpeg"}],"twitter_card":"summary_large_image","schema":{"@context":"https:\/\/schema.org","@graph":[{"@type":"WebPage","@id":"https:\/\/marcdetroy.be\/aanbod\/potgekweekt\/","url":"https:\/\/marcdetroy.be\/aanbod\/potgekweekt\/","name":"Cultiv\u00e9 en pot - Marc De Troy","isPartOf":{"@id":"https:\/\/marcdetroy.be\/#website"},"primaryImageOfPage":{"@id":"https:\/\/marcdetroy.be\/aanbod\/potgekweekt\/#primaryimage"},"image":{"@id":"https:\/\/marcdetroy.be\/aanbod\/potgekweekt\/#primaryimage"},"thumbnailUrl":"https:\/\/marcdetroy.be\/wp-content\/uploads\/2017\/05\/Foto-potgekweekt-Custom.jpg","datePublished":"2017-05-16T09:11:55+00:00","dateModified":"2017-06-21T06:32:34+00:00","breadcrumb":{"@id":"https:\/\/marcdetroy.be\/aanbod\/potgekweekt\/#breadcrumb"},"inLanguage":"fr-FR","potentialAction":[{"@type":"ReadAction","target":["https:\/\/marcdetroy.be\/aanbod\/potgekweekt\/"]}]},{"@type":"ImageObject","inLanguage":"fr-FR","@id":"https:\/\/marcdetroy.be\/aanbod\/potgekweekt\/#primaryimage","url":"https:\/\/marcdetroy.be\/wp-content\/uploads\/2017\/05\/Foto-potgekweekt-Custom.jpg","contentUrl":"https:\/\/marcdetroy.be\/wp-content\/uploads\/2017\/05\/Foto-potgekweekt-Custom.jpg","width":1600,"height":1200},{"@type":"BreadcrumbList","@id":"https:\/\/marcdetroy.be\/aanbod\/potgekweekt\/#breadcrumb","itemListElement":[{"@type":"ListItem","position":1,"name":"Home","item":"https:\/\/marcdetroy.be\/fr\/"},{"@type":"ListItem","position":2,"name":"Assortiment","item":"https:\/\/marcdetroy.be\/aanbod\/"},{"@type":"ListItem","position":3,"name":"Cultiv\u00e9 en pot"}]},{"@type":"WebSite","@id":"https:\/\/marcdetroy.be\/#website","url":"https:\/\/marcdetroy.be\/","name":"Marc De Troy","description":"","potentialAction":[{"@type":"SearchAction","target":{"@type":"EntryPoint","urlTemplate":"https:\/\/marcdetroy.be\/?s={search_term_string}"},"query-input":{"@type":"PropertyValueSpecification","valueRequired":true,"valueName":"search_term_string"}}],"inLanguage":"fr-FR"}]}},"_links":{"self":[{"href":"https:\/\/marcdetroy.be\/fr\/wp-json\/wp\/v2\/pages\/1115","targetHints":{"allow":["GET"]}}],"collection":[{"href":"https:\/\/marcdetroy.be\/fr\/wp-json\/wp\/v2\/pages"}],"about":[{"href":"https:\/\/marcdetroy.be\/fr\/wp-json\/wp\/v2\/types\/page"}],"author":[{"embeddable":true,"href":"https:\/\/marcdetroy.be\/fr\/wp-json\/wp\/v2\/users\/1"}],"replies":[{"embeddable":true,"href":"https:\/\/marcdetroy.be\/fr\/wp-json\/wp\/v2\/comments?post=1115"}],"version-history":[{"count":2,"href":"https:\/\/marcdetroy.be\/fr\/wp-json\/wp\/v2\/pages\/1115\/revisions"}],"predecessor-version":[{"id":1218,"href":"https:\/\/marcdetroy.be\/fr\/wp-json\/wp\/v2\/pages\/1115\/revisions\/1218"}],"up":[{"embeddable":true,"href":"https:\/\/marcdetroy.be\/fr\/wp-json\/wp\/v2\/pages\/1109"}],"wp:featuredmedia":[{"embeddable":true,"href":"https:\/\/marcdetroy.be\/fr\/wp-json\/wp\/v2\/media\/1257"}],"wp:attachment":[{"href":"https:\/\/marcdetroy.be\/fr\/wp-json\/wp\/v2\/media?parent=1115"}],"curies":[{"name":"wp","href":"https:\/\/api.w.org\/{rel}","templated":true}]}}